{"id":456,"date":"2011-02-25T08:06:29","date_gmt":"2011-02-25T08:06:29","guid":{"rendered":"http:\/\/ny.logosoft.se\/?page_id=456"},"modified":"2017-12-30T14:04:41","modified_gmt":"2017-12-30T14:04:41","slug":"om-oss","status":"publish","type":"page","link":"https:\/\/www.logosoft.se\/?page_id=456","title":{"rendered":"Om oss"},"content":{"rendered":"<p><em><span style=\"color: #333333;\"><strong>LOGOSOFT AB<\/strong><\/span><\/em><\/p>\n<p>Logosoft AB har sedan 1997 hj\u00e4lpt f\u00f6retag och organisationer som anv\u00e4nder sig av Vismas ekonomi- och l\u00f6neprogram i n\u00e5gon form. Vi hj\u00e4lper er med inf\u00f6rande och utbildning i programmen och v\u00e5ra till\u00e4ggsprodukter g\u00f6r att ni kan bygga p\u00e5 ert befintliga program med de funktioner som \u00e4r viktiga f\u00f6r er samt att vi \u00e4ven kan hj\u00e4lpa er med att effektivisera er ekonomifunktion alternativt utf\u00f6ra ekonomitj\u00e4nster enligt era \u00f6nskem\u00e5l.<\/p>\n<p>Vi levererar ocks\u00e5 kostnadseffektiva IT l\u00f6sningar och kan f\u00e5 detta att tillsammans med Vismas program att bli den b\u00e4sta l\u00f6sningen f\u00f6r er verksamhet.<\/p>\n<p><strong>V<\/strong>\u00e5r aff\u00e4rsid\u00e9 \u00e4r att f\u00f6rse f\u00f6retag med kvalitativa, v\u00e4rdeskapande helhetsl\u00f6sningar. Detta g\u00f6r vi genom ett n\u00e4ra samarbete med v\u00e5ra kunder. Med v\u00e5r integritet och professionalism str\u00e4var vi efter att vara er naturliga samarbetspartner som bidrar till ert f\u00f6retags utveckling och ajourh\u00e5llning n\u00e4r det g\u00e4ller fr\u00e5gor och l\u00f6sningar f\u00f6r ert aff\u00e4rssystem och IT-l\u00f6sningar.<\/p>\n","protected":false},"excerpt":{"rendered":"<p>LOGOSOFT AB Logosoft AB har sedan 1997 hj\u00e4lpt f\u00f6retag och organisationer som anv\u00e4nder sig av Vismas ekonomi- och l\u00f6neprogram i n\u00e5gon form. Vi hj\u00e4lper er med inf\u00f6rande och utbildning i programmen och v\u00e5ra till\u00e4ggsprodukter g\u00f6r att ni kan bygga p\u00e5 ert befintliga program med de funktioner som \u00e4r viktiga f\u00f6r er samt att vi \u00e4ven kan hj\u00e4lpa er med att effektivisera er ekonomifunktion alternativt utf\u00f6ra ekonomitj\u00e4nster enligt era \u00f6nskem\u00e5l. Vi levererar ocks\u00e5 kostnadseffektiva IT l\u00f6sningar och kan f\u00e5 detta att [&hellip;]<\/p>\n","protected":false},"author":1,"featured_media":0,"parent":0,"menu_order":5,"comment_status":"closed","ping_status":"closed","template":"","meta":[],"_links":{"self":[{"href":"https:\/\/www.logosoft.se\/index.php?rest_route=\/wp\/v2\/pages\/456"}],"collection":[{"href":"https:\/\/www.logosoft.se\/index.php?rest_route=\/wp\/v2\/pages"}],"about":[{"href":"https:\/\/www.logosoft.se\/index.php?rest_route=\/wp\/v2\/types\/page"}],"author":[{"embeddable":true,"href":"https:\/\/www.logosoft.se\/index.php?rest_route=\/wp\/v2\/users\/1"}],"replies":[{"embeddable":true,"href":"https:\/\/www.logosoft.se\/index.php?rest_route=%2Fwp%2Fv2%2Fcomments&post=456"}],"version-history":[{"count":16,"href":"https:\/\/www.logosoft.se\/index.php?rest_route=\/wp\/v2\/pages\/456\/revisions"}],"predecessor-version":[{"id":977,"href":"https:\/\/www.logosoft.se\/index.php?rest_route=\/wp\/v2\/pages\/456\/revisions\/977"}],"wp:attachment":[{"href":"https:\/\/www.logosoft.se\/index.php?rest_route=%2Fwp%2Fv2%2Fmedia&parent=456"}],"curies":[{"name":"wp","href":"https:\/\/api.w.org\/{rel}","templated":true}]}}