{"id":326,"date":"2011-02-15T12:49:56","date_gmt":"2011-02-15T12:49:56","guid":{"rendered":"http:\/\/ny.logosoft.se\/?page_id=326"},"modified":"2021-03-10T13:37:37","modified_gmt":"2021-03-10T13:37:37","slug":"visma-lon","status":"publish","type":"page","link":"https:\/\/www.logosoft.se\/?page_id=326","title":{"rendered":"Visma L\u00f6n"},"content":{"rendered":"<h1>L\u00f6n och tid<\/h1>\n<p><span style=\"color: #333333;\"><strong>\u2013 smart l\u00f6nearbete och effektiv tidsredovisning<\/strong><\/span><\/p>\n<div>\n<p><span style=\"color: #333333;\">Med v\u00e5ra l\u00f6neprogram klarar du m\u00e5nadens l\u00f6neutbetalningar p\u00e5 kortare tid och med mindre arbetsinsats. Det finns inbyggda internetfunktioner d\u00e4r de anst\u00e4llda sj\u00e4lva kan sk\u00f6ta de dagliga registreringarna.<\/span><\/p>\n<\/div>\n<div>\n<p><span style=\"color: #333333;\">Vi har dessutom ett utm\u00e4rkt verktyg som hj\u00e4lper dig att ta r\u00e4tt betalt. Med Visma Tid s\u00e4kerst\u00e4ller du att alla arbetade timmar finns med vid faktureringen.<\/span><\/p>\n<p style=\"text-align: center;\"><a href=\"http:\/\/www.vismaspcs.se\/produkter\/loneprogram\" target=\"_self\" rel=\"noopener\"><img loading=\"lazy\" class=\"aligncenter size-full wp-image-569\" style=\"border: 0px;\" title=\"l1\" src=\"http:\/\/www.logosoft.se\/wp-content\/uploads\/2011\/02\/l1.png\" alt=\"\" width=\"336\" height=\"158\" \/><\/a><\/p>\n<\/div>\n","protected":false},"excerpt":{"rendered":"<p>L\u00f6n och tid \u2013 smart l\u00f6nearbete och effektiv tidsredovisning Med v\u00e5ra l\u00f6neprogram klarar du m\u00e5nadens l\u00f6neutbetalningar p\u00e5 kortare tid och med mindre arbetsinsats. Det finns inbyggda internetfunktioner d\u00e4r de anst\u00e4llda sj\u00e4lva kan sk\u00f6ta de dagliga registreringarna. Vi har dessutom ett utm\u00e4rkt verktyg som hj\u00e4lper dig att ta r\u00e4tt betalt. Med Visma Tid s\u00e4kerst\u00e4ller du att alla arbetade timmar finns med vid faktureringen.<\/p>\n","protected":false},"author":1,"featured_media":0,"parent":265,"menu_order":0,"comment_status":"closed","ping_status":"closed","template":"","meta":[],"_links":{"self":[{"href":"https:\/\/www.logosoft.se\/index.php?rest_route=\/wp\/v2\/pages\/326"}],"collection":[{"href":"https:\/\/www.logosoft.se\/index.php?rest_route=\/wp\/v2\/pages"}],"about":[{"href":"https:\/\/www.logosoft.se\/index.php?rest_route=\/wp\/v2\/types\/page"}],"author":[{"embeddable":true,"href":"https:\/\/www.logosoft.se\/index.php?rest_route=\/wp\/v2\/users\/1"}],"replies":[{"embeddable":true,"href":"https:\/\/www.logosoft.se\/index.php?rest_route=%2Fwp%2Fv2%2Fcomments&post=326"}],"version-history":[{"count":14,"href":"https:\/\/www.logosoft.se\/index.php?rest_route=\/wp\/v2\/pages\/326\/revisions"}],"predecessor-version":[{"id":994,"href":"https:\/\/www.logosoft.se\/index.php?rest_route=\/wp\/v2\/pages\/326\/revisions\/994"}],"up":[{"embeddable":true,"href":"https:\/\/www.logosoft.se\/index.php?rest_route=\/wp\/v2\/pages\/265"}],"wp:attachment":[{"href":"https:\/\/www.logosoft.se\/index.php?rest_route=%2Fwp%2Fv2%2Fmedia&parent=326"}],"curies":[{"name":"wp","href":"https:\/\/api.w.org\/{rel}","templated":true}]}}