{"id":265,"date":"2011-02-09T15:15:18","date_gmt":"2011-02-09T15:15:18","guid":{"rendered":"http:\/\/ny.logosoft.se\/?page_id=265"},"modified":"2025-09-17T09:05:59","modified_gmt":"2025-09-17T09:05:59","slug":"visma","status":"publish","type":"page","link":"https:\/\/www.logosoft.se\/?page_id=265","title":{"rendered":"Spiris Visma"},"content":{"rendered":"<h1>Spiris Certified Partner<\/h1>\n<p>Logosoft \u00e4r en certifierad Spiris Partner, vilket inneb\u00e4r att vi har garanterad och dokumenterad kunskap om Vismas programvaror. Det tillsammans med l\u00e5ng erfarenhet inneb\u00e4r att vi kan ge er effektivast m\u00f6jliga hj\u00e4lp.<\/p>\n<h2>Vad \u00e4r Spiris Certified Partner?<\/h2>\n<p>Spiris Certified partner hj\u00e4lper dig att v\u00e4lja r\u00e4tt ekonomiprogram f\u00f6r ditt f\u00f6retag. Du f\u00e5r \u00e4ven hj\u00e4lp med installation, h\u00e5rdvara, n\u00e4tverk och programutbildning \u2013 p\u00e5 plats. Vi har ocks\u00e5 kunskapen att koppla ihop ditt ekonomiprogram med flera andra via Visma integration<\/p>\n<p>Vi kan \u00e4ven hj\u00e4lpa till med l\u00f6sningar som ligger utanf\u00f6r Vismas sortiment (t.ex. fraktsedelsystem, avancerad tidredovisning, webbshop mm.) och knyta ihop dessa med hj\u00e4lp av Visma Integration.<\/p>\n","protected":false},"excerpt":{"rendered":"<p>Spiris Certified Partner Logosoft \u00e4r en certifierad Spiris Partner, vilket inneb\u00e4r att vi har garanterad och dokumenterad kunskap om Vismas programvaror. Det tillsammans med l\u00e5ng erfarenhet inneb\u00e4r att vi kan ge er effektivast m\u00f6jliga hj\u00e4lp. Vad \u00e4r Spiris Certified Partner? Spiris Certified partner hj\u00e4lper dig att v\u00e4lja r\u00e4tt ekonomiprogram f\u00f6r ditt f\u00f6retag. Du f\u00e5r \u00e4ven hj\u00e4lp med installation, h\u00e5rdvara, n\u00e4tverk och programutbildning \u2013 p\u00e5 plats. Vi har ocks\u00e5 kunskapen att koppla ihop ditt ekonomiprogram med flera andra via Visma integration [&hellip;]<\/p>\n","protected":false},"author":1,"featured_media":0,"parent":0,"menu_order":2,"comment_status":"closed","ping_status":"closed","template":"","meta":[],"_links":{"self":[{"href":"https:\/\/www.logosoft.se\/index.php?rest_route=\/wp\/v2\/pages\/265"}],"collection":[{"href":"https:\/\/www.logosoft.se\/index.php?rest_route=\/wp\/v2\/pages"}],"about":[{"href":"https:\/\/www.logosoft.se\/index.php?rest_route=\/wp\/v2\/types\/page"}],"author":[{"embeddable":true,"href":"https:\/\/www.logosoft.se\/index.php?rest_route=\/wp\/v2\/users\/1"}],"replies":[{"embeddable":true,"href":"https:\/\/www.logosoft.se\/index.php?rest_route=%2Fwp%2Fv2%2Fcomments&post=265"}],"version-history":[{"count":10,"href":"https:\/\/www.logosoft.se\/index.php?rest_route=\/wp\/v2\/pages\/265\/revisions"}],"predecessor-version":[{"id":1005,"href":"https:\/\/www.logosoft.se\/index.php?rest_route=\/wp\/v2\/pages\/265\/revisions\/1005"}],"wp:attachment":[{"href":"https:\/\/www.logosoft.se\/index.php?rest_route=%2Fwp%2Fv2%2Fmedia&parent=265"}],"curies":[{"name":"wp","href":"https:\/\/api.w.org\/{rel}","templated":true}]}}