{"id":216,"date":"2011-02-09T10:20:25","date_gmt":"2011-02-09T10:20:25","guid":{"rendered":"http:\/\/ny.logosoft.se\/?page_id=216"},"modified":"2017-12-30T14:07:42","modified_gmt":"2017-12-30T14:07:42","slug":"tidrapportering","status":"publish","type":"page","link":"https:\/\/www.logosoft.se\/?page_id=216","title":{"rendered":"Tidrapportering"},"content":{"rendered":"<p>&nbsp;<\/p>\n<p><span style=\"color: #333333;\">Ferox \u00e4r en komplett leverant\u00f6r av tidredovisning till sm\u00e5 och medelstora f\u00f6retag.<br \/>\nVi erbjuder l\u00e4ttsk\u00f6tta och v\u00e4lfungerande l\u00f6sningar.<\/span><\/p>\n<p><span style=\"color: #333333;\">I en l\u00f6sning med PC-st\u00f6d kan Du samtidigt hantera flera olika scheman, flera olika avtal, ber\u00e4kna flera olika till\u00e4gg, t ex \u00d6vertid 1, 2 och 3 samt OB1, 2 och 3, registrera fr\u00e5nvaro, ta ut pappersrapporter med alla ber\u00e4kningar samt koppla till ditt l\u00f6nesystem.<\/span><\/p>\n<p>&nbsp;<\/p>\n<p style=\"text-align: left;\"><a href=\"http:\/\/www.feroxkonsult.se\">www.feroxkonsult.se<\/a><a href=\"http:\/\/www.feroxkonsult.se\/se\/\" target=\"_self\"><img loading=\"lazy\" class=\"aligncenter size-full wp-image-644\" style=\"border: 0px;\" title=\"remotex\" src=\"http:\/\/www.logosoft.se\/wp-content\/uploads\/2011\/02\/remotex.jpg\" alt=\"\" width=\"220\" height=\"255\" \/><\/a><\/p>\n","protected":false},"excerpt":{"rendered":"<p>&nbsp; Ferox \u00e4r en komplett leverant\u00f6r av tidredovisning till sm\u00e5 och medelstora f\u00f6retag. Vi erbjuder l\u00e4ttsk\u00f6tta och v\u00e4lfungerande l\u00f6sningar. I en l\u00f6sning med PC-st\u00f6d kan Du samtidigt hantera flera olika scheman, flera olika avtal, ber\u00e4kna flera olika till\u00e4gg, t ex \u00d6vertid 1, 2 och 3 samt OB1, 2 och 3, registrera fr\u00e5nvaro, ta ut pappersrapporter med alla ber\u00e4kningar samt koppla till ditt l\u00f6nesystem. &nbsp; www.feroxkonsult.se<\/p>\n","protected":false},"author":1,"featured_media":0,"parent":142,"menu_order":0,"comment_status":"closed","ping_status":"closed","template":"","meta":[],"_links":{"self":[{"href":"https:\/\/www.logosoft.se\/index.php?rest_route=\/wp\/v2\/pages\/216"}],"collection":[{"href":"https:\/\/www.logosoft.se\/index.php?rest_route=\/wp\/v2\/pages"}],"about":[{"href":"https:\/\/www.logosoft.se\/index.php?rest_route=\/wp\/v2\/types\/page"}],"author":[{"embeddable":true,"href":"https:\/\/www.logosoft.se\/index.php?rest_route=\/wp\/v2\/users\/1"}],"replies":[{"embeddable":true,"href":"https:\/\/www.logosoft.se\/index.php?rest_route=%2Fwp%2Fv2%2Fcomments&post=216"}],"version-history":[{"count":8,"href":"https:\/\/www.logosoft.se\/index.php?rest_route=\/wp\/v2\/pages\/216\/revisions"}],"predecessor-version":[{"id":980,"href":"https:\/\/www.logosoft.se\/index.php?rest_route=\/wp\/v2\/pages\/216\/revisions\/980"}],"up":[{"embeddable":true,"href":"https:\/\/www.logosoft.se\/index.php?rest_route=\/wp\/v2\/pages\/142"}],"wp:attachment":[{"href":"https:\/\/www.logosoft.se\/index.php?rest_route=%2Fwp%2Fv2%2Fmedia&parent=216"}],"curies":[{"name":"wp","href":"https:\/\/api.w.org\/{rel}","templated":true}]}}