{"id":321,"date":"2011-02-15T12:43:34","date_gmt":"2011-02-15T12:43:34","guid":{"rendered":"http:\/\/ny.logosoft.se\/?page_id=321"},"modified":"2021-03-10T13:37:09","modified_gmt":"2021-03-10T13:37:09","slug":"visma-administration","status":"publish","type":"page","link":"http:\/\/www.logosoft.se\/?page_id=321","title":{"rendered":"Visma Administration"},"content":{"rendered":"<h1>Visma Administration<\/h1>\n<p><span style=\"color: #333333;\"><strong>\u2013 Sveriges mest k\u00f6pta ekonomiprogram<\/strong><\/span><\/p>\n<div>\n<p><span style=\"color: #333333;\">Visma Administration \u00e4r Sveriges mest k\u00f6pta ekonomi och bokf\u00f6ringsprogram. Varje dag f\u00f6renklar de verksamheten f\u00f6r tiotusentals sm\u00e5f\u00f6retagare.<\/span><\/p>\n<\/div>\n<div>\n<p><span style=\"color: #333333;\">Stor flexibilitet g\u00f6r att programmen passar i de flesta verksamheter. Det anv\u00e4nds av butiker, redovisningskonsulter, lantbruk och m\u00e5nga fler.<\/span><\/p>\n<p style=\"text-align: center;\"><a href=\"http:\/\/www.vismaspcs.se\/produkter\/bokforingsprogram\" target=\"_self\" rel=\"noopener\"><img loading=\"lazy\" class=\"aligncenter size-full wp-image-547\" style=\"border: 0px;\" title=\"ad1\" src=\"http:\/\/www.logosoft.se\/wp-content\/uploads\/2011\/02\/ad1.png\" alt=\"\" width=\"230\" height=\"237\" \/><\/a><\/p>\n<\/div>\n","protected":false},"excerpt":{"rendered":"<p>Visma Administration \u2013 Sveriges mest k\u00f6pta ekonomiprogram Visma Administration \u00e4r Sveriges mest k\u00f6pta ekonomi och bokf\u00f6ringsprogram. Varje dag f\u00f6renklar de verksamheten f\u00f6r tiotusentals sm\u00e5f\u00f6retagare. Stor flexibilitet g\u00f6r att programmen passar i de flesta verksamheter. Det anv\u00e4nds av butiker, redovisningskonsulter, lantbruk och m\u00e5nga fler.<\/p>\n","protected":false},"author":1,"featured_media":0,"parent":265,"menu_order":0,"comment_status":"closed","ping_status":"closed","template":"","meta":[],"_links":{"self":[{"href":"http:\/\/www.logosoft.se\/index.php?rest_route=\/wp\/v2\/pages\/321"}],"collection":[{"href":"http:\/\/www.logosoft.se\/index.php?rest_route=\/wp\/v2\/pages"}],"about":[{"href":"http:\/\/www.logosoft.se\/index.php?rest_route=\/wp\/v2\/types\/page"}],"author":[{"embeddable":true,"href":"http:\/\/www.logosoft.se\/index.php?rest_route=\/wp\/v2\/users\/1"}],"replies":[{"embeddable":true,"href":"http:\/\/www.logosoft.se\/index.php?rest_route=%2Fwp%2Fv2%2Fcomments&post=321"}],"version-history":[{"count":11,"href":"http:\/\/www.logosoft.se\/index.php?rest_route=\/wp\/v2\/pages\/321\/revisions"}],"predecessor-version":[{"id":992,"href":"http:\/\/www.logosoft.se\/index.php?rest_route=\/wp\/v2\/pages\/321\/revisions\/992"}],"up":[{"embeddable":true,"href":"http:\/\/www.logosoft.se\/index.php?rest_route=\/wp\/v2\/pages\/265"}],"wp:attachment":[{"href":"http:\/\/www.logosoft.se\/index.php?rest_route=%2Fwp%2Fv2%2Fmedia&parent=321"}],"curies":[{"name":"wp","href":"https:\/\/api.w.org\/{rel}","templated":true}]}}