{"id":242,"date":"2011-02-09T12:31:43","date_gmt":"2011-02-09T12:31:43","guid":{"rendered":"http:\/\/ny.logosoft.se\/?page_id=242"},"modified":"2025-09-17T09:08:57","modified_gmt":"2025-09-17T09:08:57","slug":"kontakta-oss","status":"publish","type":"page","link":"http:\/\/www.logosoft.se\/?page_id=242","title":{"rendered":"Kontakta Oss"},"content":{"rendered":"<p><span style=\"color: #333333;\">Om du vill veta mer om en produkt eller v\u00e5ra tj\u00e4nster, beh\u00f6ver support eller service,<br \/>\nvill ha hj\u00e4lp att v\u00e4lja r\u00e4tt, tveka inte att kontakta oss. Vi finns till f\u00f6r dig!<\/span><\/p>\n<p><span style=\"color: #333333;\">N\u00e4r det g\u00e4ller supportfr\u00e5gor h\u00e4nvisar vi i f\u00f6rsta hand till <\/span><a href=\"mailto:support@logosoft.se\"><span style=\"color: #333333;\">support@logosoft.se<\/span><\/a><span style=\"color: #333333;\">.<\/span><\/p>\n<p><strong><span style=\"color: #333333;\">Logosoft AB <\/span><a href=\"https:\/\/kartor.eniro.se\/?c=57.347806,13.505845&amp;z=14&amp;q=%22Broddaryd%2040%22;geo\" target=\"_blank\" rel=\"noopener\"><span style=\"color: #333333;\">Karta \u00bb<\/span><\/a><\/strong><\/p>\n<p style=\"text-align: left;\"><strong><span style=\"color: #333333;\">Fakturaadress \/ Bes\u00f6ksadress<\/span><\/strong><\/p>\n<p>Logosoft AB<\/p>\n<p style=\"text-align: left;\"><span style=\"color: #333333;\">Broddaryd 40<\/span><\/p>\n<p style=\"text-align: left;\"><span style=\"color: #333333;\">332 92 Gislaved<\/span><\/p>\n<p>&nbsp;<\/p>\n<p><span style=\"color: #333333;\">Telefon: 0371-52 32 81 \/ 070 &#8211; 718 70 50<br \/>\nHemsida: <\/span><a title=\"logosoft.se\" href=\"http:\/\/www.logosoft.se\/\" target=\"_blank\" rel=\"noopener\"><span style=\"color: #333333;\">www.logosoft.se<\/span><\/a><\/p>\n","protected":false},"excerpt":{"rendered":"<p>Om du vill veta mer om en produkt eller v\u00e5ra tj\u00e4nster, beh\u00f6ver support eller service, vill ha hj\u00e4lp att v\u00e4lja r\u00e4tt, tveka inte att kontakta oss. Vi finns till f\u00f6r dig! N\u00e4r det g\u00e4ller supportfr\u00e5gor h\u00e4nvisar vi i f\u00f6rsta hand till support@logosoft.se. Logosoft AB Karta \u00bb Fakturaadress \/ Bes\u00f6ksadress Logosoft AB Broddaryd 40 332 92 Gislaved &nbsp; Telefon: 0371-52 32 81 \/ 070 &#8211; 718 70 50 Hemsida: www.logosoft.se<\/p>\n","protected":false},"author":1,"featured_media":0,"parent":0,"menu_order":6,"comment_status":"closed","ping_status":"closed","template":"","meta":[],"_links":{"self":[{"href":"http:\/\/www.logosoft.se\/index.php?rest_route=\/wp\/v2\/pages\/242"}],"collection":[{"href":"http:\/\/www.logosoft.se\/index.php?rest_route=\/wp\/v2\/pages"}],"about":[{"href":"http:\/\/www.logosoft.se\/index.php?rest_route=\/wp\/v2\/types\/page"}],"author":[{"embeddable":true,"href":"http:\/\/www.logosoft.se\/index.php?rest_route=\/wp\/v2\/users\/1"}],"replies":[{"embeddable":true,"href":"http:\/\/www.logosoft.se\/index.php?rest_route=%2Fwp%2Fv2%2Fcomments&post=242"}],"version-history":[{"count":45,"href":"http:\/\/www.logosoft.se\/index.php?rest_route=\/wp\/v2\/pages\/242\/revisions"}],"predecessor-version":[{"id":1009,"href":"http:\/\/www.logosoft.se\/index.php?rest_route=\/wp\/v2\/pages\/242\/revisions\/1009"}],"wp:attachment":[{"href":"http:\/\/www.logosoft.se\/index.php?rest_route=%2Fwp%2Fv2%2Fmedia&parent=242"}],"curies":[{"name":"wp","href":"https:\/\/api.w.org\/{rel}","templated":true}]}}