{"id":156,"date":"2011-02-02T08:26:09","date_gmt":"2011-02-02T08:26:09","guid":{"rendered":"http:\/\/ny.logosoft.se\/?page_id=156"},"modified":"2017-12-30T14:00:33","modified_gmt":"2017-12-30T14:00:33","slug":"service-avtal","status":"publish","type":"page","link":"http:\/\/www.logosoft.se\/?page_id=156","title":{"rendered":"Support"},"content":{"rendered":"<p>&nbsp;<\/p>\n<h1>Support<\/h1>\n<p><span style=\"color: #333333;\">Beh\u00f6ver du hj\u00e4lp? Vi hj\u00e4lper dig p\u00e5 distans. Enkelt och smart!<\/span><\/p>\n<p><span style=\"color: #333333;\">1. Kontakta oss p\u00e5 tel. 0371-52 32 80.<\/span><span style=\"color: #333333;\"><br \/>\n<\/span><span style=\"color: #333333;\">2.<\/span><span style=\"color: #333333;\">\u00a0<\/span><a href=\"https:\/\/safe.logosoft.se\/gethelp.asp\" target=\"_blank\" rel=\"noopener\"><span style=\"color: #333333;\"><span style=\"text-decoration: underline;\">Klicka h\u00e4r f\u00f6r att ladda hem Teamviewer Supportmodul f\u00f6r att f\u00e5 hj\u00e4lp p\u00e5 distans.<\/span><\/span><\/a><\/p>\n<p>&nbsp;<\/p>\n<p>&nbsp;<\/p>\n<p>&nbsp;<\/p>\n","protected":false},"excerpt":{"rendered":"<p>&nbsp; Support Beh\u00f6ver du hj\u00e4lp? Vi hj\u00e4lper dig p\u00e5 distans. Enkelt och smart! 1. Kontakta oss p\u00e5 tel. 0371-52 32 80. 2.\u00a0Klicka h\u00e4r f\u00f6r att ladda hem Teamviewer Supportmodul f\u00f6r att f\u00e5 hj\u00e4lp p\u00e5 distans. &nbsp; &nbsp; &nbsp;<\/p>\n","protected":false},"author":1,"featured_media":0,"parent":0,"menu_order":4,"comment_status":"closed","ping_status":"closed","template":"","meta":[],"_links":{"self":[{"href":"http:\/\/www.logosoft.se\/index.php?rest_route=\/wp\/v2\/pages\/156"}],"collection":[{"href":"http:\/\/www.logosoft.se\/index.php?rest_route=\/wp\/v2\/pages"}],"about":[{"href":"http:\/\/www.logosoft.se\/index.php?rest_route=\/wp\/v2\/types\/page"}],"author":[{"embeddable":true,"href":"http:\/\/www.logosoft.se\/index.php?rest_route=\/wp\/v2\/users\/1"}],"replies":[{"embeddable":true,"href":"http:\/\/www.logosoft.se\/index.php?rest_route=%2Fwp%2Fv2%2Fcomments&post=156"}],"version-history":[{"count":31,"href":"http:\/\/www.logosoft.se\/index.php?rest_route=\/wp\/v2\/pages\/156\/revisions"}],"predecessor-version":[{"id":972,"href":"http:\/\/www.logosoft.se\/index.php?rest_route=\/wp\/v2\/pages\/156\/revisions\/972"}],"wp:attachment":[{"href":"http:\/\/www.logosoft.se\/index.php?rest_route=%2Fwp%2Fv2%2Fmedia&parent=156"}],"curies":[{"name":"wp","href":"https:\/\/api.w.org\/{rel}","templated":true}]}}